{"id":8,"date":"2025-11-16T15:35:46","date_gmt":"2025-11-16T15:35:46","guid":{"rendered":"https:\/\/gabelgeist.avome.eu\/?page_id=8"},"modified":"2025-11-16T15:35:46","modified_gmt":"2025-11-16T15:35:46","slug":"ueber-uns","status":"publish","type":"page","link":"https:\/\/gabelgeist.avome.eu\/index.php\/ueber-uns\/","title":{"rendered":"\u00dcber uns"},"content":{"rendered":"\n<p>Vielleicht bist du k\u00fcnstlerisch t\u00e4tig und m\u00f6chtest dich und deine Arbeiten hier vorstellen. Oder du hast vielleicht ein Unternehmen, dessen Mission du hier beschreiben m\u00f6chtest.<\/p>\n","protected":false},"excerpt":{"rendered":"<p>Vielleicht bist du k\u00fcnstlerisch t\u00e4tig und m\u00f6chtest dich und deine Arbeiten hier vorstellen. Oder du hast vielleicht ein Unternehmen, dessen Mission du hier beschreiben m\u00f6chtest.<\/p>\n","protected":false},"author":1,"featured_media":0,"parent":0,"menu_order":0,"comment_status":"closed","ping_status":"closed","template":"","meta":{"footnotes":""},"class_list":["post-8","page","type-page","status-publish","hentry"],"_links":{"self":[{"href":"https:\/\/gabelgeist.avome.eu\/index.php\/wp-json\/wp\/v2\/pages\/8","targetHints":{"allow":["GET"]}}],"collection":[{"href":"https:\/\/gabelgeist.avome.eu\/index.php\/wp-json\/wp\/v2\/pages"}],"about":[{"href":"https:\/\/gabelgeist.avome.eu\/index.php\/wp-json\/wp\/v2\/types\/page"}],"author":[{"embeddable":true,"href":"https:\/\/gabelgeist.avome.eu\/index.php\/wp-json\/wp\/v2\/users\/1"}],"replies":[{"embeddable":true,"href":"https:\/\/gabelgeist.avome.eu\/index.php\/wp-json\/wp\/v2\/comments?post=8"}],"version-history":[{"count":1,"href":"https:\/\/gabelgeist.avome.eu\/index.php\/wp-json\/wp\/v2\/pages\/8\/revisions"}],"predecessor-version":[{"id":13,"href":"https:\/\/gabelgeist.avome.eu\/index.php\/wp-json\/wp\/v2\/pages\/8\/revisions\/13"}],"wp:attachment":[{"href":"https:\/\/gabelgeist.avome.eu\/index.php\/wp-json\/wp\/v2\/media?parent=8"}],"curies":[{"name":"wp","href":"https:\/\/api.w.org\/{rel}","templated":true}]}}